{"id":10508,"date":"2025-07-30T09:28:04","date_gmt":"2025-07-30T09:28:04","guid":{"rendered":"https:\/\/ataaccountancy.com\/?page_id=10508"},"modified":"2025-10-27T14:22:11","modified_gmt":"2025-10-27T14:22:11","slug":"compliance-dienstleistungen","status":"publish","type":"page","link":"https:\/\/ataaccountancy.com\/de\/dienstleistungen\/compliance-dienstleistungen\/","title":{"rendered":"Compliance-Dienste"},"content":{"rendered":"<div data-elementor-type=\"wp-page\" data-elementor-id=\"10508\" class=\"elementor elementor-10508\" data-elementor-post-type=\"page\">\n\t\t\t\t\t\t<section class=\"elementor-section elementor-top-section elementor-element elementor-element-2782171 elementor-section-boxed elementor-section-height-default elementor-section-height-default\" data-id=\"2782171\" data-element_type=\"section\">\n\t\t\t\t\t\t<div class=\"elementor-container elementor-column-gap-default\">\n\t\t\t\t\t<div class=\"lqd-css-sticky-column elementor-column elementor-col-50 elementor-top-column elementor-element elementor-element-9e9e966\" style=\"--lqd-sticky-offset:30px\" data-id=\"9e9e966\" data-element_type=\"column\">\n\t\t\t<div class=\"elementor-widget-wrap elementor-element-populated\">\n\t\t\t\t\t\t<div class=\"elementor-element elementor-element-0bb8b1c elementor-widget elementor-widget-ld_custom_menu\" data-id=\"0bb8b1c\" data-element_type=\"widget\" data-widget_type=\"ld_custom_menu.default\">\n\t\t\t\t<div class=\"elementor-widget-container\">\n\t\t\t\t\t\n\t\t\t<div\t\t\t\tclass=\"lqd-fancy-menu lqd-custom-menu pos-rel menu-items-has-fill lqd-menu-td-none\"\n\t\t\t\t\t\t\t>\n\t\t\t\n\t\t\t\t\t\t\t<ul class=\"reset-ul\" id=\"lqd-custom-menu-0bb8b1c\" >\n\t\t\t\t\n\t\t\t\t\t\t<li>\n\t\t\t\t\t\t\t<a  href=\"\/de\/dienstleistungen\/compliance-dienstleistungen\/\" target=\"_self\" >\n\n\t\t\t\t\t\t\t\t\t\t\t\t\t\t\t\t\t<span class=\"link-icon d-inline-flex hide-if-empty right-icon icon-push-to-edge\"><\/span>\n\t\t\t\t\t\t\t\t\n\t\t\t\t\t\t\t\t\t\t\t\t\t\t\t\t\tCompliance-Dienste\t\t\t\t\t\t\t\t\t\t\t\t\t\t\t\t\t\t\t\t\t\t\t<\/a>\n\t\t\t\t\t\t\t\t\t\t\t\t\t<\/li>\n\n\t\t\t\t\t\t\n\t\t\t\t\t\t<li>\n\t\t\t\t\t\t\t<a  href=\"\/de\/dienstleistungen\/unterstutzungsdienste\/\" target=\"_self\" >\n\n\t\t\t\t\t\t\t\t\t\t\t\t\t\t\t\t\t<span class=\"link-icon d-inline-flex hide-if-empty right-icon icon-push-to-edge\"><\/span>\n\t\t\t\t\t\t\t\t\n\t\t\t\t\t\t\t\t\t\t\t\t\t\t\t\t\tUnterst\u00fctzungsdienste\t\t\t\t\t\t\t\t\t\t\t\t\t\t\t\t\t\t\t\t\t\t\t<\/a>\n\t\t\t\t\t\t\t\t\t\t\t\t\t<\/li>\n\n\t\t\t\t\t\t\n\t\t\t\t\t\t<li>\n\t\t\t\t\t\t\t<a  href=\"\/de\/dienstleistungen\/beratungssysteme-beratung\/\" target=\"_self\" >\n\n\t\t\t\t\t\t\t\t\t\t\t\t\t\t\t\t\t<span class=\"link-icon d-inline-flex hide-if-empty right-icon icon-push-to-edge\"><\/span>\n\t\t\t\t\t\t\t\t\n\t\t\t\t\t\t\t\t\t\t\t\t\t\t\t\t\tBeratung &amp; Systemberatung\t\t\t\t\t\t\t\t\t\t\t\t\t\t\t\t\t\t\t\t\t\t\t<\/a>\n\t\t\t\t\t\t\t\t\t\t\t\t\t<\/li>\n\n\t\t\t\t\t\t\n\t\t\t\t\t\t<li>\n\t\t\t\t\t\t\t<a  href=\"\/de\/dienstleistungen\/besteuerung\/\" target=\"_self\" >\n\n\t\t\t\t\t\t\t\t\t\t\t\t\t\t\t\t\t<span class=\"link-icon d-inline-flex hide-if-empty right-icon icon-push-to-edge\"><\/span>\n\t\t\t\t\t\t\t\t\n\t\t\t\t\t\t\t\t\t\t\t\t\t\t\t\t\tBesteuerung\t\t\t\t\t\t\t\t\t\t\t\t\t\t\t\t\t\t\t\t\t\t\t<\/a>\n\t\t\t\t\t\t\t\t\t\t\t\t\t<\/li>\n\n\t\t\t\t\t\t\n\t\t\t\t\t\t<li>\n\t\t\t\t\t\t\t<a  href=\"\/de\/dienstleistungen\/korperschaftssteuer-dienstleistungen\/\" target=\"_self\" >\n\n\t\t\t\t\t\t\t\t\t\t\t\t\t\t\t\t\t<span class=\"link-icon d-inline-flex hide-if-empty right-icon icon-push-to-edge\"><\/span>\n\t\t\t\t\t\t\t\t\n\t\t\t\t\t\t\t\t\t\t\t\t\t\t\t\t\tDienstleistungen im Bereich K\u00f6rperschaftssteuer\t\t\t\t\t\t\t\t\t\t\t\t\t\t\t\t\t\t\t\t\t\t\t<\/a>\n\t\t\t\t\t\t\t\t\t\t\t\t\t<\/li>\n\n\t\t\t\t\t\t\n\t\t\t\t\t\t<li>\n\t\t\t\t\t\t\t<a  href=\"\/de\/dienstleistungen\/personensteuer\/\" target=\"_self\" >\n\n\t\t\t\t\t\t\t\t\t\t\t\t\t\t\t\t\t<span class=\"link-icon d-inline-flex hide-if-empty left-icon icon-push-to-edge\"><\/span>\n\t\t\t\t\t\t\t\t\n\t\t\t\t\t\t\t\t\t\t\t\t\t\t\t\t\tPers\u00f6nliche Steuer\t\t\t\t\t\t\t\t\t\t\t\t\t\t\t\t\t\t\t\t\t\t\t<\/a>\n\t\t\t\t\t\t\t\t\t\t\t\t\t<\/li>\n\n\t\t\t\t\t\t\n\t\t\t\t\t\t<li>\n\t\t\t\t\t\t\t<a  href=\"\/de\/dienstleistungen\/mwst\/\" target=\"_self\" >\n\n\t\t\t\t\t\t\t\t\t\t\t\t\t\t\t\t\t<span class=\"link-icon d-inline-flex hide-if-empty left-icon icon-push-to-edge\"><\/span>\n\t\t\t\t\t\t\t\t\n\t\t\t\t\t\t\t\t\t\t\t\t\t\t\t\t\tMEHRWERTSTEUER\t\t\t\t\t\t\t\t\t\t\t\t\t\t\t\t\t\t\t\t\t\t\t<\/a>\n\t\t\t\t\t\t\t\t\t\t\t\t\t<\/li>\n\n\t\t\t\t\t\t\n\t\t\t\t\t\t<li>\n\t\t\t\t\t\t\t<a  href=\"\/de\/dienstleistungen\/nulltarif\/\" target=\"_self\" >\n\n\t\t\t\t\t\t\t\t\t\t\t\t\t\t\t\t\t<span class=\"link-icon d-inline-flex hide-if-empty left-icon icon-push-to-edge\"><\/span>\n\t\t\t\t\t\t\t\t\n\t\t\t\t\t\t\t\t\t\t\t\t\t\t\t\t\tNI &amp; PAYE\t\t\t\t\t\t\t\t\t\t\t\t\t\t\t\t\t\t\t\t\t\t\t<\/a>\n\t\t\t\t\t\t\t\t\t\t\t\t\t<\/li>\n\n\t\t\t\t\t\t\n\t\t\t\t\t\t<li>\n\t\t\t\t\t\t\t<a  href=\"\/de\/dienstleistungen\/hmrc-untersuchungen\/\" target=\"_self\" >\n\n\t\t\t\t\t\t\t\t\t\t\t\t\t\t\t\t\t<span class=\"link-icon d-inline-flex hide-if-empty left-icon icon-push-to-edge\"><\/span>\n\t\t\t\t\t\t\t\t\n\t\t\t\t\t\t\t\t\t\t\t\t\t\t\t\t\tHMRC-Untersuchungen\t\t\t\t\t\t\t\t\t\t\t\t\t\t\t\t\t\t\t\t\t\t\t<\/a>\n\t\t\t\t\t\t\t\t\t\t\t\t\t<\/li>\n\n\t\t\t\t\t\t\t\t\t\t<\/ul>\n\t\t\t\t\t\t\t\t\t<\/div>\n\t\t\t\t\t\t<\/div>\n\t\t\t\t<\/div>\n\t\t\t\t<section class=\"elementor-section elementor-inner-section elementor-element elementor-element-0a17ad3 elementor-section-boxed elementor-section-height-default elementor-section-height-default\" data-id=\"0a17ad3\" data-element_type=\"section\">\n\t\t\t\t\t\t<div class=\"elementor-container elementor-column-gap-default\">\n\t\t\t\t\t<div class=\"elementor-column elementor-col-100 elementor-inner-column elementor-element elementor-element-3656786\" data-id=\"3656786\" data-element_type=\"column\" data-settings=\"{&quot;background_background&quot;:&quot;classic&quot;}\">\n\t\t\t<div class=\"elementor-widget-wrap elementor-element-populated\">\n\t\t\t\t\t\t<div class=\"elementor-element elementor-element-bb9a3f0 elementor-widget elementor-widget-hub_fancy_heading\" data-id=\"bb9a3f0\" data-element_type=\"widget\" data-widget_type=\"hub_fancy_heading.default\">\n\t\t\t\t<div class=\"elementor-widget-container\">\n\t\t\t\t\t\n\t\t<div id=\"ld-fancy-heading-69e04b822a830\" class=\"ld-fancy-heading pos-rel\">\n\t\t\t<h3 class=\"ld-fh-element d-inline-block pos-rel  elementor-heading-title lqd-highlight-classic lqd-highlight-grow-left h3\"  > Kostenloses Angebot einholen<\/h3>\t\t<\/div>\n\n\t\t\t\t\t\t<\/div>\n\t\t\t\t<\/div>\n\t\t\t\t<div class=\"elementor-element elementor-element-a3a33c5 elementor-widget elementor-widget-ld_cf722\" data-id=\"a3a33c5\" data-element_type=\"widget\" data-widget_type=\"ld_cf722.default\">\n\t\t\t\t<div class=\"elementor-widget-container\">\n\t\t\t\t\t\n\t<div class=\"lqd-contact-form lqd-contact-form-inputs-filled  lqd-contact-form-inputs-round lqd-contact-form-button-block\">\n\t\t\n<div class=\"wpcf7 no-js\" id=\"wpcf7-f10285-o1\" lang=\"en-US\" dir=\"ltr\" data-wpcf7-id=\"10285\">\n<div class=\"screen-reader-response\"><p role=\"status\" aria-live=\"polite\" aria-atomic=\"true\"><\/p> <ul><\/ul><\/div>\n<form action=\"\/de\/wp-json\/wp\/v2\/pages\/10508#wpcf7-f10285-o1\" method=\"post\" class=\"wpcf7-form init\" aria-label=\"Contact form\" novalidate=\"novalidate\" data-status=\"init\" data-trp-original-action=\"\/de\/wp-json\/wp\/v2\/pages\/10508#wpcf7-f10285-o1\">\n<fieldset class=\"hidden-fields-container\"><input type=\"hidden\" name=\"_wpcf7\" value=\"10285\" \/><input type=\"hidden\" name=\"_wpcf7_version\" value=\"6.1.1\" \/><input type=\"hidden\" name=\"_wpcf7_locale\" value=\"en_US\" \/><input type=\"hidden\" name=\"_wpcf7_unit_tag\" value=\"wpcf7-f10285-o1\" \/><input type=\"hidden\" name=\"_wpcf7_container_post\" value=\"0\" \/><input type=\"hidden\" name=\"_wpcf7_posted_data_hash\" value=\"\" \/>\n<\/fieldset>\n<p><span class=\"wpcf7-form-control-wrap\" data-name=\"text-775\"><input size=\"40\" maxlength=\"400\" class=\"wpcf7-form-control wpcf7-text wpcf7-validates-as-required\" aria-required=\"true\" aria-invalid=\"false\" placeholder=\"Ihr Name\" value=\"\" type=\"text\" name=\"text-775\" \/><\/span><span class=\"wpcf7-form-control-wrap\" data-name=\"email-550\"><input size=\"40\" maxlength=\"400\" class=\"wpcf7-form-control wpcf7-email wpcf7-validates-as-required wpcf7-text wpcf7-validates-as-email\" aria-required=\"true\" aria-invalid=\"false\" placeholder=\"Ihre E-Mail Adresse\" value=\"\" type=\"email\" name=\"email-550\" \/><\/span><span class=\"wpcf7-form-control-wrap\" data-name=\"textarea-138\"><textarea cols=\"10\" rows=\"4\" maxlength=\"2000\" class=\"wpcf7-form-control wpcf7-textarea wpcf7-validates-as-required\" aria-required=\"true\" aria-invalid=\"false\" placeholder=\"Ihre Nachricht\" name=\"textarea-138\"><\/textarea><\/span><input class=\"wpcf7-form-control wpcf7-submit has-spinner\" type=\"submit\" value=\"E-Mail senden\" \/>\n<\/p><div class=\"wpcf7-response-output\" aria-hidden=\"true\"><\/div>\n<input type=\"hidden\" name=\"trp-form-language\" value=\"de\"\/><\/form>\n<\/div>\n\t<\/div>\n\n\t\t\t\t\t<\/div>\n\t\t\t\t<\/div>\n\t\t\t\t\t<\/div>\n\t\t<\/div>\n\t\t\t\t\t<\/div>\n\t\t<\/section>\n\t\t\t\t<div class=\"elementor-element elementor-element-4d3fb8a elementor-align-left elementor-widget elementor-widget-ld_icon_box\" data-id=\"4d3fb8a\" data-element_type=\"widget\" data-widget_type=\"ld_icon_box.default\">\n\t\t\t\t<div class=\"elementor-widget-container\">\n\t\t\t\t\t\n\t\t\t<div id=\"ld_icon_box_4d3fb8a\" class=\"iconbox d-flex flex-grow-1 pos-rel align-items-center iconbox-side iconbox-icon-shaped iconbox-circle\"   >\n\n\t\t\t\t\n\t\t\t\t<div class=\"iconbox-icon-wrap\"><div class=\"iconbox-icon-container d-inline-flex pos-rel z-index-1 border-radius-circle\"><svg aria-hidden=\"true\" class=\"e-font-icon-svg e-fas-phone-alt\" viewbox=\"0 0 512 512\" xmlns=\"http:\/\/www.w3.org\/2000\/svg\"><path d=\"M497.39 361.8l-112-48a24 24 0 0 0-28 6.9l-49.6 60.6A370.66 370.66 0 0 1 130.6 204.11l60.6-49.6a23.94 23.94 0 0 0 6.9-28l-48-112A24.16 24.16 0 0 0 122.6.61l-104 24A24 24 0 0 0 0 48c0 256.5 207.9 464 464 464a24 24 0 0 0 23.4-18.6l24-104a24.29 24.29 0 0 0-14.01-27.6z\"><\/path><\/svg><\/div><\/div>\n\t\t\t\t\n\t\t\t\t<div class=\"contents\">\n\t\t\t\t\n\t\t\t\t<h3 class=\"lqd-iconbox-heading\" >Geb\u00fchrenfreies Call Center: <\/h3>\t\t\t\t<p><font color=\"#292929\"><span style=\"font-size: 20px\">020 8554 4449<\/span><\/font><\/p>\n\t\t\t\t\n\t\t\t\t<\/div>\n\t\t\t\t\n\t\t\t<\/div>\n\n\t\t\t\t\t\t<\/div>\n\t\t\t\t<\/div>\n\t\t\t\t\t<\/div>\n\t\t<\/div>\n\t\t\t\t<div class=\"elementor-column elementor-col-50 elementor-top-column elementor-element elementor-element-16012b3\" data-id=\"16012b3\" data-element_type=\"column\">\n\t\t\t<div class=\"elementor-widget-wrap elementor-element-populated\">\n\t\t\t\t\t\t<div class=\"elementor-element elementor-element-5aff578 elementor-widget elementor-widget-ld_content_box\" data-id=\"5aff578\" data-element_type=\"widget\" data-widget_type=\"ld_content_box.default\">\n\t\t\t\t<div class=\"elementor-widget-container\">\n\t\t\t\t\t\n\t\t<div class=\"lqd-fb pos-rel lqd-fb-style-1 lqd-fb-style-1-3 lqd-fb-content-overlay lqd-fb-zoom-img-onhover border-radius-4 overflow-hidden h-pt-60\" data-inview=\"true\">\n\t\t\t\t\t<div class=\"lqd-fb-inner lqd-overlay\">\n\n\t\t\t\t<div class=\"overflow-hidden lqd-fb-img lqd-overlay\">\n\n\t\t\t\t\t<figure class=\"w-100 h-100\">\n\t\t\t\t\t\t<img decoding=\"async\" class=\"w-100 h-100 objfit-cover objpos-center\" src=\"http:\/\/ataaccountancy.com\/wp-content\/uploads\/2025\/07\/Compliance-Services.svg\">\t\t\t\t\t<\/figure>\n\n\t\t\t\t<\/div>\n\n\t\t\t\t<div class=\"lqd-fb-content lqd-overlay d-flex align-items-end\">\n\t\t\t\t\t<div class=\"lqd-fb-bg lqd-overlay\"><\/div>\n\t\t\t\t\t<div class=\"lqd-fb-hover-overlay lqd-overlay\"><\/div>\n\t\t\t\t\t<div class=\"lqd-fb-content-inner d-flex flex-column justify-content-between pos-rel h-100 w-100 p-4\">\n\n\t\t\t\t\t\t\t\t\t\t\t\t<div class=\"lqd-fb-content-top\">\n\t\t\t\t\t\t\t<h6 class=\"mt-0 mb-0\">ATA-BUCHF\u00dcHRUNG<\/h6>\n\t\t\t\t\t\t<\/div>\n\t\t\t\t\t\t\n\t\t\t\t\t\t<div class=\"lqd-fb-content-bottom\">\n\n\t\t\t\t\t\t\t<h2 class=\"lqd-fb__title mt-0 mb-2\">Bleiben Sie konform, bleiben Sie zuversichtlich.<\/h2>\n\t\t\t\t\t\t\t\t\t\t\t\t\t\t<p class=\"mt-0 mb-3\">Compliance-Dienste<\/p>\n\t\t\t\t\t\t\t\n\t\t\t\t\t\t<\/div>\n\n\t\t\t\t\t\t\n\t\t\t\t\t<\/div>\n\t\t\t\t<\/div>\n\n\t\t\t\t<\/div>\n\t\t\t\t\t<\/div>\n\t\t\t\t\t\t<\/div>\n\t\t\t\t<\/div>\n\t\t\t\t<div class=\"elementor-element elementor-element-3f292ee elementor-widget elementor-widget-hub_fancy_heading\" data-id=\"3f292ee\" data-element_type=\"widget\" data-widget_type=\"hub_fancy_heading.default\">\n\t\t\t\t<div class=\"elementor-widget-container\">\n\t\t\t\t\t\n\t\t<div id=\"ld-fancy-heading-69e04b8234ad1\" class=\"ld-fancy-heading pos-rel\">\n\t\t\t<p class=\"ld-fh-element d-inline-block pos-rel  lqd-highlight-classic lqd-highlight-grow-left p\"  > Die Gesetzgebung entwickelt sich st\u00e4ndig weiter - und wir uns auch. Unser Compliance-Team sorgt daf\u00fcr, dass Ihre B\u00fccher, Einreichungen und Offenlegungen perfekt mit der aktuellen britischen Gesetzgebung \u00fcbereinstimmen und erspart Ihnen kostspielige Strafen und Rufsch\u00e4digung.<\/p>\t\t<\/div>\n\n\t\t\t\t\t\t<\/div>\n\t\t\t\t<\/div>\n\t\t\t\t<div class=\"elementor-element elementor-element-af718d9 elementor-widget elementor-widget-hub_fancy_heading\" data-id=\"af718d9\" data-element_type=\"widget\" data-widget_type=\"hub_fancy_heading.default\">\n\t\t\t\t<div class=\"elementor-widget-container\">\n\t\t\t\t\t\n\t\t<div id=\"ld-fancy-heading-69e04b8234e67\" class=\"ld-fancy-heading pos-rel\">\n\t\t\t<p class=\"ld-fh-element d-inline-block pos-rel  lqd-highlight-classic lqd-highlight-grow-left p\"  > Von der Einreichung beim Companies House bis zur viertelj\u00e4hrlichen Mehrwertsteuerabrechnung f\u00fchren wir einen kugelsicheren Pr\u00fcfpfad und verfolgen neue Richtlinien, sobald sie erscheinen. Mit ATA Accountancy wird die Einhaltung der Vorschriften zu einem unsichtbaren Motor und nicht zu einer operativen Belastung.<\/p>\t\t<\/div>\n\n\t\t\t\t\t\t<\/div>\n\t\t\t\t<\/div>\n\t\t\t\t<div class=\"elementor-element elementor-element-4965b5b elementor-widget-divider--view-line elementor-widget elementor-widget-divider\" data-id=\"4965b5b\" data-element_type=\"widget\" data-widget_type=\"divider.default\">\n\t\t\t\t\t\t\t<div class=\"elementor-divider\">\n\t\t\t<span class=\"elementor-divider-separator\">\n\t\t\t\t\t\t<\/span>\n\t\t<\/div>\n\t\t\t\t\t\t<\/div>\n\t\t\t\t<div class=\"elementor-element elementor-element-a7c9ea8 elementor-widget elementor-widget-hub_fancy_heading\" data-id=\"a7c9ea8\" data-element_type=\"widget\" data-widget_type=\"hub_fancy_heading.default\">\n\t\t\t\t<div class=\"elementor-widget-container\">\n\t\t\t\t\t\n\t\t<div id=\"ld-fancy-heading-69e04b82351cc\" class=\"ld-fancy-heading pos-rel\">\n\t\t\t<h3 class=\"ld-fh-element d-inline-block pos-rel  elementor-heading-title lqd-highlight-classic lqd-highlight-grow-left h3\"  > Leistungen des Plans<\/h3>\t\t<\/div>\n\n\t\t\t\t\t\t<\/div>\n\t\t\t\t<\/div>\n\t\t\t\t<section class=\"elementor-section elementor-inner-section elementor-element elementor-element-189079e elementor-section-boxed elementor-section-height-default elementor-section-height-default\" data-id=\"189079e\" data-element_type=\"section\">\n\t\t\t\t\t\t<div class=\"elementor-container elementor-column-gap-default\">\n\t\t\t\t\t<div class=\"elementor-column elementor-col-50 elementor-inner-column elementor-element elementor-element-ec7bc2a\" data-id=\"ec7bc2a\" data-element_type=\"column\">\n\t\t\t<div class=\"elementor-widget-wrap elementor-element-populated\">\n\t\t\t\t\t\t<div class=\"elementor-element elementor-element-243a27a elementor-widget elementor-widget-ld_custom_menu\" data-id=\"243a27a\" data-element_type=\"widget\" data-widget_type=\"ld_custom_menu.default\">\n\t\t\t\t<div class=\"elementor-widget-container\">\n\t\t\t\t\t\n\t\t\t<div\t\t\t\tclass=\"lqd-fancy-menu lqd-custom-menu pos-rel lqd-menu-td-none\"\n\t\t\t\t\t\t\t>\n\t\t\t\n\t\t\t\t\t\t\t<ul class=\"reset-ul\" id=\"lqd-custom-menu-243a27a\" >\n\t\t\t\t\n\t\t\t\t\t\t<li>\n\t\t\t\t\t\t\t<a  href=\"#\" target=\"_self\" >\n\n\t\t\t\t\t\t\t\t\t\t\t\t\t\t\t\t\t<span class=\"link-icon d-inline-flex hide-if-empty left-icon icon-next-to-label\"><i aria-hidden=\"true\" class=\"lqd-icn-ess icon-ion-ios-checkmark\"><\/i><\/span>\n\t\t\t\t\t\t\t\t\n\t\t\t\t\t\t\t\t\t\t\t\t\t\t\t\t\tKeine Strafen bei versp\u00e4teter Einreichung\t\t\t\t\t\t\t\t\t\t\t\t\t\t\t\t\t\t\t\t\t\t\t<\/a>\n\t\t\t\t\t\t\t\t\t\t\t\t\t<\/li>\n\n\t\t\t\t\t\t\n\t\t\t\t\t\t<li>\n\t\t\t\t\t\t\t<a  href=\"#\" target=\"_self\" >\n\n\t\t\t\t\t\t\t\t\t\t\t\t\t\t\t\t\t<span class=\"link-icon d-inline-flex hide-if-empty left-icon icon-next-to-label\"><i aria-hidden=\"true\" class=\"lqd-icn-ess icon-ion-ios-checkmark\"><\/i><\/span>\n\t\t\t\t\t\t\t\t\n\t\t\t\t\t\t\t\t\t\t\t\t\t\t\t\t\tTermin\u00fcberwachung in Echtzeit\t\t\t\t\t\t\t\t\t\t\t\t\t\t\t\t\t\t\t\t\t\t\t<\/a>\n\t\t\t\t\t\t\t\t\t\t\t\t\t<\/li>\n\n\t\t\t\t\t\t\n\t\t\t\t\t\t<li>\n\t\t\t\t\t\t\t<a  href=\"#\" target=\"_self\" >\n\n\t\t\t\t\t\t\t\t\t\t\t\t\t\t\t\t\t<span class=\"link-icon d-inline-flex hide-if-empty left-icon icon-next-to-label\"><i aria-hidden=\"true\" class=\"lqd-icn-ess icon-ion-ios-checkmark\"><\/i><\/span>\n\t\t\t\t\t\t\t\t\n\t\t\t\t\t\t\t\t\t\t\t\t\t\t\t\t\tAusrichtung von HMRC und Companies House\t\t\t\t\t\t\t\t\t\t\t\t\t\t\t\t\t\t\t\t\t\t\t<\/a>\n\t\t\t\t\t\t\t\t\t\t\t\t\t<\/li>\n\n\t\t\t\t\t\t\t\t\t\t<\/ul>\n\t\t\t\t\t\t\t\t\t<\/div>\n\t\t\t\t\t\t<\/div>\n\t\t\t\t<\/div>\n\t\t\t\t\t<\/div>\n\t\t<\/div>\n\t\t\t\t<div class=\"elementor-column elementor-col-50 elementor-inner-column elementor-element elementor-element-8364e69\" data-id=\"8364e69\" data-element_type=\"column\">\n\t\t\t<div class=\"elementor-widget-wrap elementor-element-populated\">\n\t\t\t\t\t\t<div class=\"elementor-element elementor-element-13ab616 elementor-widget elementor-widget-ld_custom_menu\" data-id=\"13ab616\" data-element_type=\"widget\" data-widget_type=\"ld_custom_menu.default\">\n\t\t\t\t<div class=\"elementor-widget-container\">\n\t\t\t\t\t\n\t\t\t<div\t\t\t\tclass=\"lqd-fancy-menu lqd-custom-menu pos-rel lqd-menu-td-none\"\n\t\t\t\t\t\t\t>\n\t\t\t\n\t\t\t\t\t\t\t<ul class=\"reset-ul\" id=\"lqd-custom-menu-13ab616\" >\n\t\t\t\t\n\t\t\t\t\t\t<li>\n\t\t\t\t\t\t\t<a  href=\"#\" target=\"_self\" >\n\n\t\t\t\t\t\t\t\t\t\t\t\t\t\t\t\t\t<span class=\"link-icon d-inline-flex hide-if-empty left-icon icon-next-to-label\"><i aria-hidden=\"true\" class=\"lqd-icn-ess icon-ion-ios-checkmark\"><\/i><\/span>\n\t\t\t\t\t\t\t\t\n\t\t\t\t\t\t\t\t\t\t\t\t\t\t\t\t\tDigitale Dokumentenverwahrung (256-Bit)\t\t\t\t\t\t\t\t\t\t\t\t\t\t\t\t\t\t\t\t\t\t\t<\/a>\n\t\t\t\t\t\t\t\t\t\t\t\t\t<\/li>\n\n\t\t\t\t\t\t\n\t\t\t\t\t\t<li>\n\t\t\t\t\t\t\t<a  href=\"#\" target=\"_self\" >\n\n\t\t\t\t\t\t\t\t\t\t\t\t\t\t\t\t\t<span class=\"link-icon d-inline-flex hide-if-empty left-icon icon-next-to-label\"><i aria-hidden=\"true\" class=\"lqd-icn-ess icon-ion-ios-checkmark\"><\/i><\/span>\n\t\t\t\t\t\t\t\t\n\t\t\t\t\t\t\t\t\t\t\t\t\t\t\t\t\tViertelj\u00e4hrliche Zusammenfassung der Einhaltung der Vorschriften\t\t\t\t\t\t\t\t\t\t\t\t\t\t\t\t\t\t\t\t\t\t\t<\/a>\n\t\t\t\t\t\t\t\t\t\t\t\t\t<\/li>\n\n\t\t\t\t\t\t\n\t\t\t\t\t\t<li>\n\t\t\t\t\t\t\t<a  href=\"#\" target=\"_self\" >\n\n\t\t\t\t\t\t\t\t\t\t\t\t\t\t\t\t\t<span class=\"link-icon d-inline-flex hide-if-empty left-icon icon-next-to-label\"><i aria-hidden=\"true\" class=\"lqd-icn-ess icon-ion-ios-checkmark\"><\/i><\/span>\n\t\t\t\t\t\t\t\t\n\t\t\t\t\t\t\t\t\t\t\t\t\t\t\t\t\tEngagierter Verbindungsbeamter\t\t\t\t\t\t\t\t\t\t\t\t\t\t\t\t\t\t\t\t\t\t\t<\/a>\n\t\t\t\t\t\t\t\t\t\t\t\t\t<\/li>\n\n\t\t\t\t\t\t\t\t\t\t<\/ul>\n\t\t\t\t\t\t\t\t\t<\/div>\n\t\t\t\t\t\t<\/div>\n\t\t\t\t<\/div>\n\t\t\t\t\t<\/div>\n\t\t<\/div>\n\t\t\t\t\t<\/div>\n\t\t<\/section>\n\t\t\t\t<div class=\"elementor-element elementor-element-e97850f elementor-widget-divider--view-line elementor-widget elementor-widget-divider\" data-id=\"e97850f\" data-element_type=\"widget\" data-widget_type=\"divider.default\">\n\t\t\t\t\t\t\t<div class=\"elementor-divider\">\n\t\t\t<span class=\"elementor-divider-separator\">\n\t\t\t\t\t\t<\/span>\n\t\t<\/div>\n\t\t\t\t\t\t<\/div>\n\t\t\t\t<div class=\"elementor-element elementor-element-e1e6183 elementor-widget elementor-widget-hub_fancy_heading\" data-id=\"e1e6183\" data-element_type=\"widget\" data-widget_type=\"hub_fancy_heading.default\">\n\t\t\t\t<div class=\"elementor-widget-container\">\n\t\t\t\t\t\n\t\t<div id=\"ld-fancy-heading-69e04b8235fcb\" class=\"ld-fancy-heading pos-rel\">\n\t\t\t\t\t<\/div>\n\n\t\t\t\t\t\t<\/div>\n\t\t\t\t<\/div>\n\t\t\t\t<div class=\"elementor-element elementor-element-51f668b elementor-widget elementor-widget-ld_accordion\" data-id=\"51f668b\" data-element_type=\"widget\" data-widget_type=\"ld_accordion.default\">\n\t\t\t\t<div class=\"elementor-widget-container\">\n\t\t\t\t\t\n\t\t<div class=\"accordion accordion-lg accordion-side-spacing accordion-title-bg-transparent accordion-active-has-fill\" id=\"accordion-69e04b823843e\" role=\"tablist\" aria-multiselectable=\"true\">\n\t\t\t\t\t\t\t\t\t\t\t\t<div class=\"accordion-item panel  active\">\n\n\t\t\t\t<div class=\"accordion-heading\" role=\"tab\" id=\"heading-8591\">\n\t\t\t\t<h4 class=\"accordion-title  tabindex=\"-1\">\t\t\t\t\t<a class=\"\" role=\"button\" data-toggle=\"collapse\" data-bs-toggle=\"collapse\"\n                    tabindex=\"0\"\n\t\t\t\t\tdata-parent=\"#accordion-69e04b823843e\" data-bs-parent=\"#accordion-69e04b823843e\" href=\"#collapse-8591\" data-target=\"#collapse-8591\" data-bs-target=\"#collapse-8591\"\n\t\t\t\t\taria-expanded=\"true\" aria-controls=\"collapse-8591\">\n\t\t\t\t\t\t\t\t\t\t\t\t<span class=\"accordion-title-txt\">Was ist inbegriffen?<\/span>\n\t\t\t\t\t\t\t\t\t\t\t\t\t<span class=\"accordion-expander\"><i class=\"lqd-icn-ess icon-ion-ios-arrow-down\"><\/i><i class=\"lqd-icn-ess icon-ion-ios-arrow-up\"><\/i><\/span>\t\t\t\t\t\t\t\t\t\t\t<\/a>\n\t\t\t\t<\/h4>\t\t\t\t<\/div>\n\n\t\t\t\t<div id=\"collapse-8591\" class=\"accordion-collapse collapse  show\" data-bs-parent=\"#accordion-69e04b823843e\" role=\"tabpanel\" aria-labelledby=\"heading-8591\">\n\n\t\t\t\t<div class=\"accordion-content\">\n\t\t\t\t\t<p>Alle obligatorischen Einreichungen, gesetzlich vorgeschriebenen Verzeichnisse und j\u00e4hrlichen Best\u00e4tigungen.<\/p>\t\t\t\t<\/div>\n\n\t\t\t\t<\/div>\n\n\t\t\t<\/div>\n\t\t\t\t\t\t\t\t\t<div class=\"accordion-item panel\">\n\n\t\t\t\t<div class=\"accordion-heading\" role=\"tab\" id=\"heading-8592\">\n\t\t\t\t<h4 class=\"accordion-title  tabindex=\"-1\">\t\t\t\t\t<a class=\"collapsed\" role=\"button\" data-toggle=\"collapse\" data-bs-toggle=\"collapse\"\n                    tabindex=\"0\"\n\t\t\t\t\tdata-parent=\"#accordion-69e04b823843e\" data-bs-parent=\"#accordion-69e04b823843e\" href=\"#collapse-8592\" data-target=\"#collapse-8592\" data-bs-target=\"#collapse-8592\"\n\t\t\t\t\taria-expanded=\"false\" aria-controls=\"collapse-8592\">\n\t\t\t\t\t\t\t\t\t\t\t\t<span class=\"accordion-title-txt\">Wie oft werden Sie uns kontaktieren?<\/span>\n\t\t\t\t\t\t\t\t\t\t\t\t\t<span class=\"accordion-expander\"><i class=\"lqd-icn-ess icon-ion-ios-arrow-down\"><\/i><i class=\"lqd-icn-ess icon-ion-ios-arrow-up\"><\/i><\/span>\t\t\t\t\t\t\t\t\t\t\t<\/a>\n\t\t\t\t<\/h4>\t\t\t\t<\/div>\n\n\t\t\t\t<div id=\"collapse-8592\" class=\"accordion-collapse collapse\" data-bs-parent=\"#accordion-69e04b823843e\" role=\"tabpanel\" aria-labelledby=\"heading-8592\">\n\n\t\t\t\t<div class=\"accordion-content\">\n\t\t\t\t\t<p>Wir erstellen einen Compliance-Kalender, Erinnerungsschreiben und monatliche Fortschritts-E-Mails.<\/p>\t\t\t\t<\/div>\n\n\t\t\t\t<\/div>\n\n\t\t\t<\/div>\n\t\t\t\t\t\t\t\t\t<div class=\"accordion-item panel\">\n\n\t\t\t\t<div class=\"accordion-heading\" role=\"tab\" id=\"heading-8593\">\n\t\t\t\t<h4 class=\"accordion-title  tabindex=\"-1\">\t\t\t\t\t<a class=\"collapsed\" role=\"button\" data-toggle=\"collapse\" data-bs-toggle=\"collapse\"\n                    tabindex=\"0\"\n\t\t\t\t\tdata-parent=\"#accordion-69e04b823843e\" data-bs-parent=\"#accordion-69e04b823843e\" href=\"#collapse-8593\" data-target=\"#collapse-8593\" data-bs-target=\"#collapse-8593\"\n\t\t\t\t\taria-expanded=\"false\" aria-controls=\"collapse-8593\">\n\t\t\t\t\t\t\t\t\t\t\t\t<span class=\"accordion-title-txt\">K\u00f6nnen Sie in unserem Namen mit HMRC verhandeln?<\/span>\n\t\t\t\t\t\t\t\t\t\t\t\t\t<span class=\"accordion-expander\"><i class=\"lqd-icn-ess icon-ion-ios-arrow-down\"><\/i><i class=\"lqd-icn-ess icon-ion-ios-arrow-up\"><\/i><\/span>\t\t\t\t\t\t\t\t\t\t\t<\/a>\n\t\t\t\t<\/h4>\t\t\t\t<\/div>\n\n\t\t\t\t<div id=\"collapse-8593\" class=\"accordion-collapse collapse\" data-bs-parent=\"#accordion-69e04b823843e\" role=\"tabpanel\" aria-labelledby=\"heading-8593\">\n\n\t\t\t\t<div class=\"accordion-content\">\n\t\t\t\t\t<p>Ja, wir holen die Genehmigung des Vertreters ein und erledigen den gesamten Schriftverkehr.<\/p>\t\t\t\t<\/div>\n\n\t\t\t\t<\/div>\n\n\t\t\t<\/div>\n\t\t\t\t\t\t\n\t\t<\/div>\n\n\t\t\t\t\t\t<\/div>\n\t\t\t\t<\/div>\n\t\t\t\t\t<\/div>\n\t\t<\/div>\n\t\t\t\t\t<\/div>\n\t\t<\/section>\n\t\t\t\t<\/div>","protected":false},"excerpt":{"rendered":"<p>Compliance Services Support Services Consultancy &#038; Systems Advice Taxation Corporation Tax Services Personal Tax VAT NI &#038; PAYE HMRC Investigations Get a Free Quote Toll Free Call Center: 020 8554 4449 ATA ACCOUNTANCY Stay Compliant, Stay Confident. Compliance\u00a0Services Regulation never stops evolving\u2014and neither do we.\u00a0Our compliance team keeps your books, filings and disclosures perfectly aligned [&hellip;]<\/p>","protected":false},"author":1,"featured_media":0,"parent":10314,"menu_order":0,"comment_status":"closed","ping_status":"closed","template":"","meta":{"footnotes":""},"class_list":["post-10508","page","type-page","status-publish","hentry"],"_links":{"self":[{"href":"https:\/\/ataaccountancy.com\/de\/wp-json\/wp\/v2\/pages\/10508","targetHints":{"allow":["GET"]}}],"collection":[{"href":"https:\/\/ataaccountancy.com\/de\/wp-json\/wp\/v2\/pages"}],"about":[{"href":"https:\/\/ataaccountancy.com\/de\/wp-json\/wp\/v2\/types\/page"}],"author":[{"embeddable":true,"href":"https:\/\/ataaccountancy.com\/de\/wp-json\/wp\/v2\/users\/1"}],"replies":[{"embeddable":true,"href":"https:\/\/ataaccountancy.com\/de\/wp-json\/wp\/v2\/comments?post=10508"}],"version-history":[{"count":26,"href":"https:\/\/ataaccountancy.com\/de\/wp-json\/wp\/v2\/pages\/10508\/revisions"}],"predecessor-version":[{"id":10828,"href":"https:\/\/ataaccountancy.com\/de\/wp-json\/wp\/v2\/pages\/10508\/revisions\/10828"}],"up":[{"embeddable":true,"href":"https:\/\/ataaccountancy.com\/de\/wp-json\/wp\/v2\/pages\/10314"}],"wp:attachment":[{"href":"https:\/\/ataaccountancy.com\/de\/wp-json\/wp\/v2\/media?parent=10508"}],"curies":[{"name":"wp","href":"https:\/\/api.w.org\/{rel}","templated":true}]}}